{"id":890,"date":"2018-03-11T17:12:54","date_gmt":"2018-03-11T17:12:54","guid":{"rendered":"http:\/\/akuma-for-africa.com\/?page_id=890"},"modified":"2021-03-20T11:58:04","modified_gmt":"2021-03-20T11:58:04","slug":"my-mitgliedsantrag","status":"publish","type":"page","link":"https:\/\/akuma-for-africa.com\/?page_id=890","title":{"rendered":"Mitgliedsantrag"},"content":{"rendered":"<h3>Werden Sie Mitglied bei Akuma for Africa!<\/h3>\n<p>Wenn Sie sich f\u00fcr unsere Sache engagieren und gerne unserem Verein beitreten wollen, k\u00f6nnen Sie hier den Mitgliedsantrag herunterladen.<\/p>\n<p><a href=\"http:\/\/akuma-for-africa.com\/wp-content\/uploads\/2018\/03\/Mitgliedsantrag-des-Akuma-for-Africa-e.-V.pdf\">Mitgliedsantrag des Akuma for Africa e. V<\/a><\/p>\n<p>Bitte senden Sie den ausgef\u00fcllten Antrag an die auf dem Antrag angegebene Adresse oder schicken Sie ihn per Fax oder auch eingescanned per E-Mail.<br \/>\nWir freuen uns auf Sie.<\/p>\n","protected":false},"excerpt":{"rendered":"<p>Werden Sie Mitglied bei Akuma for Africa! Wenn Sie sich f\u00fcr unsere Sache engagieren und gerne unserem Verein beitreten wollen, k\u00f6nnen Sie hier den Mitgliedsantrag herunterladen. Mitgliedsantrag des Akuma for Africa e. V Bitte senden Sie den ausgef\u00fcllten Antrag an die auf dem Antrag angegebene Adresse oder schicken Sie ihn per Fax oder auch eingescanned per E-Mail. Wir freuen uns auf Sie.<\/p>\n","protected":false},"author":1,"featured_media":186,"parent":1098,"menu_order":2,"comment_status":"open","ping_status":"closed","template":"","meta":{"ngg_post_thumbnail":0,"footnotes":""},"class_list":["post-890","page","type-page","status-publish","has-post-thumbnail","hentry"],"_links":{"self":[{"href":"https:\/\/akuma-for-africa.com\/index.php?rest_route=\/wp\/v2\/pages\/890"}],"collection":[{"href":"https:\/\/akuma-for-africa.com\/index.php?rest_route=\/wp\/v2\/pages"}],"about":[{"href":"https:\/\/akuma-for-africa.com\/index.php?rest_route=\/wp\/v2\/types\/page"}],"author":[{"embeddable":true,"href":"https:\/\/akuma-for-africa.com\/index.php?rest_route=\/wp\/v2\/users\/1"}],"replies":[{"embeddable":true,"href":"https:\/\/akuma-for-africa.com\/index.php?rest_route=%2Fwp%2Fv2%2Fcomments&post=890"}],"version-history":[{"count":5,"href":"https:\/\/akuma-for-africa.com\/index.php?rest_route=\/wp\/v2\/pages\/890\/revisions"}],"predecessor-version":[{"id":1154,"href":"https:\/\/akuma-for-africa.com\/index.php?rest_route=\/wp\/v2\/pages\/890\/revisions\/1154"}],"up":[{"embeddable":true,"href":"https:\/\/akuma-for-africa.com\/index.php?rest_route=\/wp\/v2\/pages\/1098"}],"wp:featuredmedia":[{"embeddable":true,"href":"https:\/\/akuma-for-africa.com\/index.php?rest_route=\/wp\/v2\/media\/186"}],"wp:attachment":[{"href":"https:\/\/akuma-for-africa.com\/index.php?rest_route=%2Fwp%2Fv2%2Fmedia&parent=890"}],"curies":[{"name":"wp","href":"https:\/\/api.w.org\/{rel}","templated":true}]}}