{"id":204,"date":"2014-05-21T05:24:05","date_gmt":"2014-05-21T05:24:05","guid":{"rendered":"http:\/\/akuma-for-africa.com\/?page_id=204"},"modified":"2021-03-20T11:58:16","modified_gmt":"2021-03-20T11:58:16","slug":"patenschaft","status":"publish","type":"page","link":"https:\/\/akuma-for-africa.com\/?page_id=204","title":{"rendered":"Patenschaft"},"content":{"rendered":"<p>M\u00f6chten Sie gerne die Patenschaft f\u00fcr ein afrikanisches Kind \u00fcbernehmen und es dabei unterst\u00fctzen, seinen Weg ins Leben besser zu meistern.<\/p>\n<p><a href=\"http:\/\/akuma-for-africa.com\/wp-content\/uploads\/ngg_featured\/afrika1.jpg\"><img loading=\"lazy\" decoding=\"async\" class=\"alignnone size-medium wp-image-206\" alt=\"afrika1\" src=\"http:\/\/akuma-for-africa.com\/wp-content\/uploads\/ngg_featured\/afrika1-300x224.jpg\" width=\"300\" height=\"224\" srcset=\"https:\/\/akuma-for-africa.com\/wp-content\/uploads\/ngg_featured\/afrika1-300x224.jpg 300w, https:\/\/akuma-for-africa.com\/wp-content\/uploads\/ngg_featured\/afrika1-1024x767.jpg 1024w, https:\/\/akuma-for-africa.com\/wp-content\/uploads\/ngg_featured\/afrika1.jpg 1278w\" sizes=\"(max-width: 300px) 100vw, 300px\" \/><\/a><\/p>\n<p>Senden Sie uns bei Interesse eine E-Mail. Wir informieren Sie dann gerne \u00fcber Durchf\u00fchrung und Formalit\u00e4ten und vor allem, was Sie mit Ihrer Patenschaft erreichen k\u00f6nnen.<\/p>\n<p><a href=\"http:\/\/akuma-for-africa.com\/wp-content\/uploads\/ngg_featured\/afrika2.jpg\"><img loading=\"lazy\" decoding=\"async\" class=\"alignnone size-medium wp-image-200\" alt=\"afrika2\" src=\"http:\/\/akuma-for-africa.com\/wp-content\/uploads\/ngg_featured\/afrika2-300x247.jpg\" width=\"300\" height=\"247\" srcset=\"https:\/\/akuma-for-africa.com\/wp-content\/uploads\/ngg_featured\/afrika2-300x247.jpg 300w, https:\/\/akuma-for-africa.com\/wp-content\/uploads\/ngg_featured\/afrika2.jpg 841w\" sizes=\"(max-width: 300px) 100vw, 300px\" \/><\/a><\/p>\n<p>&nbsp;<\/p>\n<p>&nbsp;<\/p>\n","protected":false},"excerpt":{"rendered":"<p>M\u00f6chten Sie gerne die Patenschaft f\u00fcr ein afrikanisches Kind \u00fcbernehmen und es dabei unterst\u00fctzen, seinen Weg ins Leben besser zu meistern. Senden Sie uns bei Interesse eine E-Mail. Wir informieren Sie dann gerne \u00fcber Durchf\u00fchrung und Formalit\u00e4ten und vor allem, was Sie mit Ihrer Patenschaft erreichen k\u00f6nnen. &nbsp; &nbsp;<\/p>\n","protected":false},"author":1,"featured_media":0,"parent":1098,"menu_order":3,"comment_status":"open","ping_status":"closed","template":"","meta":{"ngg_post_thumbnail":0,"footnotes":""},"class_list":["post-204","page","type-page","status-publish","hentry"],"_links":{"self":[{"href":"https:\/\/akuma-for-africa.com\/index.php?rest_route=\/wp\/v2\/pages\/204"}],"collection":[{"href":"https:\/\/akuma-for-africa.com\/index.php?rest_route=\/wp\/v2\/pages"}],"about":[{"href":"https:\/\/akuma-for-africa.com\/index.php?rest_route=\/wp\/v2\/types\/page"}],"author":[{"embeddable":true,"href":"https:\/\/akuma-for-africa.com\/index.php?rest_route=\/wp\/v2\/users\/1"}],"replies":[{"embeddable":true,"href":"https:\/\/akuma-for-africa.com\/index.php?rest_route=%2Fwp%2Fv2%2Fcomments&post=204"}],"version-history":[{"count":2,"href":"https:\/\/akuma-for-africa.com\/index.php?rest_route=\/wp\/v2\/pages\/204\/revisions"}],"predecessor-version":[{"id":224,"href":"https:\/\/akuma-for-africa.com\/index.php?rest_route=\/wp\/v2\/pages\/204\/revisions\/224"}],"up":[{"embeddable":true,"href":"https:\/\/akuma-for-africa.com\/index.php?rest_route=\/wp\/v2\/pages\/1098"}],"wp:attachment":[{"href":"https:\/\/akuma-for-africa.com\/index.php?rest_route=%2Fwp%2Fv2%2Fmedia&parent=204"}],"curies":[{"name":"wp","href":"https:\/\/api.w.org\/{rel}","templated":true}]}}