{"id":1098,"date":"2019-08-22T14:48:15","date_gmt":"2019-08-22T14:48:15","guid":{"rendered":"http:\/\/akuma-for-africa.com\/?page_id=1098"},"modified":"2021-03-20T11:58:47","modified_gmt":"2021-03-20T11:58:47","slug":"so-koennen-sie-uns-unterstuetzen","status":"publish","type":"page","link":"https:\/\/akuma-for-africa.com\/?page_id=1098","title":{"rendered":"So k\u00f6nnen Sie uns unterst\u00fctzen"},"content":{"rendered":"<ul>\n<li><strong>Spenden<\/strong>\u00a0k\u00f6nnen<strong>\u00a0<\/strong>auf folgendes Konto \u00fcberwiesen werden:<\/li>\n<\/ul>\n<p><strong>Akuma for Africa e.V.<\/strong><\/p>\n<p>IBAN:\u00a0<strong>DE29 7205 0000 0251 0165 56<\/strong><\/p>\n<p>BIC:\u00a0<strong>AUGSDE77XXX<\/strong><\/p>\n<p>Als Nachweis einer Zuwendung bis 200,00 \u20ac gen\u00fcgt nach \u00a7 50 Abs. 2 EStDV der Bareinzahlungsbeleg oder die Buchungsbet\u00e4tigung des Kreditinstituts. F\u00fcr alle Spenden \u00fcber 200,00\u00a0\u20ac werden wir zum Ende des Jahres entsprechende Spendenbescheinigungen erstellen.<\/p>\n<p>Die Einhaltung der satzungsm\u00e4\u00dfigen Voraussetzungen\u00a0nach den \u00a7\u00a7 51, 59, 60 und 61 AO wurde vom Finanzamt Augsburg-Land, StNr. 102\/107\/00663 mit Bescheid vom 09.01.2014 nach \u00a7 60a AO gesondert festgestellt. Wir f\u00f6rdern nach unserer Satzung mildt\u00e4tige und gemeinn\u00fctzige Zwecke.<\/p>\n<ul>\n<li>\u00a0<strong>Platz schaffen mit Herz<\/strong> (<a href=\"http:\/\/www.platzschaffenmitherz.de\">www.platzschaffenmitherz.de<\/a>)<\/li>\n<\/ul>\n<p>Kleiderschrank ausmisten und dabei Gutes tun in zweifacher Hinsicht &#8211; die Kleidung\/Schuhe kommen gemeinn\u00fctzigen Vereinen zu Gute und durch das Voting f\u00fcr &#8222;Akuma for Africa e. V. &#8220; k\u00f6nnen wir Spendengelder erhalten.<\/p>\n<ul>\n<li><strong>\u00a0Bildungsspender<\/strong> (<a href=\"http:\/\/www.bildungsspender.de\">www.bildungsspender.de<\/a>)<\/li>\n<\/ul>\n<p>Wer gerne online shoppt, soll bitte den Bildungsspender aufrufen und \u00a0uns an dem Einkauf teilhaben lassen.<\/p>\n<ul>\n<li><strong>\u00a0Amazon Smile<\/strong> (<a href=\"http:\/\/www.smile.amazon.de\">www.smile.amazon.de<\/a>)<\/li>\n<\/ul>\n<p>Auch hier sind wir registriert und k\u00f6nnen durch euren Einkauf unterst\u00fctzt werden bis zu 0,5\u00a0 % der Einkaufsumme.<\/p>\n","protected":false},"excerpt":{"rendered":"<p>Spenden\u00a0k\u00f6nnen\u00a0auf folgendes Konto \u00fcberwiesen werden: Akuma for Africa e.V. IBAN:\u00a0DE29 7205 0000 0251 0165 56 BIC:\u00a0AUGSDE77XXX Als Nachweis einer Zuwendung bis 200,00 \u20ac gen\u00fcgt nach \u00a7 50 Abs. 2 EStDV der Bareinzahlungsbeleg oder die Buchungsbet\u00e4tigung des Kreditinstituts. F\u00fcr alle Spenden \u00fcber 200,00\u00a0\u20ac werden wir zum Ende des Jahres entsprechende Spendenbescheinigungen erstellen. Die Einhaltung der satzungsm\u00e4\u00dfigen Voraussetzungen\u00a0nach den \u00a7\u00a7 51, 59, 60 und 61 AO wurde vom Finanzamt Augsburg-Land, StNr. 102\/107\/00663 mit Bescheid vom 09.01.2014 nach \u00a7 60a AO gesondert festgestellt. Wir f\u00f6rdern nach unserer Satzung mildt\u00e4tige und gemeinn\u00fctzige Zwecke. \u00a0Platz schaffen mit Herz (www.platzschaffenmitherz.de) Kleiderschrank ausmisten und dabei Gutes tun in zweifacher Hinsicht &#8211; die Kleidung\/Schuhe kommen gemeinn\u00fctzigen Vereinen zu &hellip; <a href=\"https:\/\/akuma-for-africa.com\/?page_id=1098\" class=\"more-link\"><span class=\"screen-reader-text\">So k\u00f6nnen Sie uns unterst\u00fctzen<\/span> weiterlesen <span class=\"meta-nav\">&rarr;<\/span><\/a><\/p>\n","protected":false},"author":2,"featured_media":0,"parent":0,"menu_order":2,"comment_status":"open","ping_status":"closed","template":"","meta":{"ngg_post_thumbnail":0,"footnotes":""},"class_list":["post-1098","page","type-page","status-publish","hentry"],"_links":{"self":[{"href":"https:\/\/akuma-for-africa.com\/index.php?rest_route=\/wp\/v2\/pages\/1098"}],"collection":[{"href":"https:\/\/akuma-for-africa.com\/index.php?rest_route=\/wp\/v2\/pages"}],"about":[{"href":"https:\/\/akuma-for-africa.com\/index.php?rest_route=\/wp\/v2\/types\/page"}],"author":[{"embeddable":true,"href":"https:\/\/akuma-for-africa.com\/index.php?rest_route=\/wp\/v2\/users\/2"}],"replies":[{"embeddable":true,"href":"https:\/\/akuma-for-africa.com\/index.php?rest_route=%2Fwp%2Fv2%2Fcomments&post=1098"}],"version-history":[{"count":2,"href":"https:\/\/akuma-for-africa.com\/index.php?rest_route=\/wp\/v2\/pages\/1098\/revisions"}],"predecessor-version":[{"id":1100,"href":"https:\/\/akuma-for-africa.com\/index.php?rest_route=\/wp\/v2\/pages\/1098\/revisions\/1100"}],"wp:attachment":[{"href":"https:\/\/akuma-for-africa.com\/index.php?rest_route=%2Fwp%2Fv2%2Fmedia&parent=1098"}],"curies":[{"name":"wp","href":"https:\/\/api.w.org\/{rel}","templated":true}]}}